{"id":37,"date":"2025-04-15T15:06:56","date_gmt":"2025-04-15T13:06:56","guid":{"rendered":"https:\/\/vedomysvet.sk\/?page_id=37"},"modified":"2025-05-04T21:36:54","modified_gmt":"2025-05-04T19:36:54","slug":"uvodna-stranka","status":"publish","type":"page","link":"https:\/\/vedomysvet.sk\/","title":{"rendered":"Svet bez obmedzen\u00ed"},"content":{"rendered":"\n<p class=\"superb-addons-hide-on-mobile superb-addons-hide-on-tablet superb-addons-hide-on-desktop\">&lt;!&#8211; Google Tag Manager &#8211;><br>&lt;script>(function(w,d,s,l,i){w[l]=w[l]||[];w[l].push({&#8218;gtm.start&#8216;:<br>new Date().getTime(),event:&#8217;gtm.js&#8216;});var f=d.getElementsByTagName(s)[0],<br>j=d.createElement(s),dl=l!=&#8217;dataLayer&#8216;?&#8217;&amp;l=&#8217;+l:&#8220;;j.async=true;j.src=<br>&#8218;https:\/\/www.googletagmanager.com\/gtm.js?id=&#8217;+i+dl;f.parentNode.insertBefore(j,f);<br>})(window,document,&#8217;script&#8216;,&#8217;dataLayer&#8216;,&#8217;GTM-5Q2GH7NJ&#8216;);&lt;\/script><br>&lt;!&#8211; End Google Tag Manager &#8211;><\/p>\n\n\n\n<p>V\u0161etko, \u010do sa Ti v \u017eivote deje, nie je n\u00e1hoda ani trest. Je to odraz Tvojho vn\u00fatra. Svoje vn\u00fatro v\u0161ak dok\u00e1\u017ee\u0161 kedyko\u013evek vedome meni\u0165.<\/p>\n","protected":false},"excerpt":{"rendered":"<p>&lt;!&#8211; Google Tag Manager &#8211;>&lt;script>(function(w,d,s,l,i){w[l]=w[l]||[];w[l].push({&#8218;gtm.start&#8216;:new Date().getTime(),event:&#8217;gtm.js&#8216;});var f=d.getElementsByTagName(s)[0],j=d.createElement(s),dl=l!=&#8217;dataLayer&#8216;?&#8217;&amp;l=&#8217;+l:&#8220;;j.async=true;j.src=&#8218;https:\/\/www.googletagmanager.com\/gtm.js?id=&#8217;+i+dl;f.parentNode.insertBefore(j,f);})(window,document,&#8217;script&#8216;,&#8217;dataLayer&#8216;,&#8217;GTM-5Q2GH7NJ&#8216;);&lt;\/script>&lt;!&#8211; End Google Tag Manager &#8211;> V\u0161etko, \u010do sa Ti v \u017eivote deje, nie je n\u00e1hoda ani trest. Je to odraz Tvojho vn\u00fatra. Svoje vn\u00fatro v\u0161ak dok\u00e1\u017ee\u0161 kedyko\u013evek vedome meni\u0165.<\/p>\n","protected":false},"author":1,"featured_media":57,"parent":0,"menu_order":0,"comment_status":"closed","ping_status":"closed","template":"","meta":{"footnotes":""},"class_list":["post-37","page","type-page","status-publish","has-post-thumbnail","hentry"],"jetpack_sharing_enabled":true,"_links":{"self":[{"href":"https:\/\/vedomysvet.sk\/index.php?rest_route=\/wp\/v2\/pages\/37","targetHints":{"allow":["GET"]}}],"collection":[{"href":"https:\/\/vedomysvet.sk\/index.php?rest_route=\/wp\/v2\/pages"}],"about":[{"href":"https:\/\/vedomysvet.sk\/index.php?rest_route=\/wp\/v2\/types\/page"}],"author":[{"embeddable":true,"href":"https:\/\/vedomysvet.sk\/index.php?rest_route=\/wp\/v2\/users\/1"}],"replies":[{"embeddable":true,"href":"https:\/\/vedomysvet.sk\/index.php?rest_route=%2Fwp%2Fv2%2Fcomments&post=37"}],"version-history":[{"count":6,"href":"https:\/\/vedomysvet.sk\/index.php?rest_route=\/wp\/v2\/pages\/37\/revisions"}],"predecessor-version":[{"id":473,"href":"https:\/\/vedomysvet.sk\/index.php?rest_route=\/wp\/v2\/pages\/37\/revisions\/473"}],"wp:featuredmedia":[{"embeddable":true,"href":"https:\/\/vedomysvet.sk\/index.php?rest_route=\/wp\/v2\/media\/57"}],"wp:attachment":[{"href":"https:\/\/vedomysvet.sk\/index.php?rest_route=%2Fwp%2Fv2%2Fmedia&parent=37"}],"curies":[{"name":"wp","href":"https:\/\/api.w.org\/{rel}","templated":true}]}}